{"id":103,"date":"2025-09-17T18:07:43","date_gmt":"2025-09-17T16:07:43","guid":{"rendered":"https:\/\/www.santor.ch\/?page_id=103"},"modified":"2026-01-27T19:40:57","modified_gmt":"2026-01-27T17:40:57","slug":"nos-produits","status":"publish","type":"page","link":"https:\/\/www.santor.ch\/index.php\/nos-produits\/","title":{"rendered":"Nos produits"},"content":{"rendered":"\n<p>Ces catalogues constituent un simple \u00e9chantillon de nos r\u00e9alisations. Chaque meuble est con\u00e7u sur mesure, selon vos besoins et vos envies !<\/p>\n\n\n\n<p>Les mod\u00e8les pr\u00e9sent\u00e9s dans ces catalogues ne sont qu\u2019un aper\u00e7u de notre savoir-faire. Nous cr\u00e9ons vos meubles adapt\u00e9s, uniques et personnalis\u00e9s, pour r\u00e9pondre parfaitement \u00e0 vos attentes.<\/p>\n\n\n\n<p>Ces catalogues illustrent une s\u00e9lection de nos produits. Nos offres sont enti\u00e8rement personnalisables : dimensions, finitions et adaptations sp\u00e9cifiques sont r\u00e9alis\u00e9es&nbsp;sur&nbsp;demande.<\/p>\n\n\n\n<div data-wp-interactive=\"core\/file\" class=\"wp-block-file\"><object data-wp-bind--hidden=\"!state.hasPdfPreview\" hidden class=\"wp-block-file__embed\" data=\"https:\/\/www.santor.ch\/wp-content\/uploads\/2025\/09\/CATALOGUE_SANTOR-1.pdf\" type=\"application\/pdf\" style=\"width:100%;height:600px\" aria-label=\"Contenu embarqu\u00e9 CATALOGUE_SANTOR-1.\"><\/object><a id=\"wp-block-file--media-f29b6326-7185-4b76-9569-2343563a4464\" href=\"https:\/\/www.santor.ch\/wp-content\/uploads\/2025\/09\/CATALOGUE_SANTOR-1.pdf\">CATALOGUE_SANTOR-1<\/a><a href=\"https:\/\/www.santor.ch\/wp-content\/uploads\/2025\/09\/CATALOGUE_SANTOR-1.pdf\" class=\"wp-block-file__button wp-element-button\" download aria-describedby=\"wp-block-file--media-f29b6326-7185-4b76-9569-2343563a4464\">T\u00e9l\u00e9charger<\/a><\/div>\n\n\n\n<div data-wp-interactive=\"core\/file\" class=\"wp-block-file\"><object data-wp-bind--hidden=\"!state.hasPdfPreview\" hidden class=\"wp-block-file__embed\" data=\"https:\/\/www.santor.ch\/wp-content\/uploads\/2026\/01\/CATALOGUE_LIT_CUISINE.pdf\" type=\"application\/pdf\" style=\"width:100%;height:600px\" aria-label=\"Contenu embarqu\u00e9 CATALOGUE_LIT_CUISINE.\"><\/object><a id=\"wp-block-file--media-04557003-1c57-4348-a00e-deba79b19662\" href=\"https:\/\/www.santor.ch\/wp-content\/uploads\/2026\/01\/CATALOGUE_LIT_CUISINE.pdf\">CATALOGUE_LIT_CUISINE<\/a><a href=\"https:\/\/www.santor.ch\/wp-content\/uploads\/2026\/01\/CATALOGUE_LIT_CUISINE.pdf\" class=\"wp-block-file__button wp-element-button\" download aria-describedby=\"wp-block-file--media-04557003-1c57-4348-a00e-deba79b19662\">T\u00e9l\u00e9charger<\/a><\/div>\n\n\n\n<p>Nos activit\u00e9s s&rsquo;\u00e9largissent aux fournitures m\u00e9dicales. Ci-dessous, quelques pages pour illustrer nos offres, bien plus vaste en r\u00e9alit\u00e9.<\/p>\n\n\n\n<div data-wp-interactive=\"core\/file\" class=\"wp-block-file\"><object data-wp-bind--hidden=\"!state.hasPdfPreview\" hidden class=\"wp-block-file__embed\" data=\"https:\/\/www.santor.ch\/wp-content\/uploads\/2026\/01\/CATALOGUE_FOURNITURES_MEDICALES-1.pdf\" type=\"application\/pdf\" style=\"width:100%;height:600px\" aria-label=\"Contenu embarqu\u00e9 CATALOGUE_FOURNITURES_MEDICALES.\"><\/object><a id=\"wp-block-file--media-d4a1002d-a3ac-417a-b8bd-5659f84a4680\" href=\"https:\/\/www.santor.ch\/wp-content\/uploads\/2026\/01\/CATALOGUE_FOURNITURES_MEDICALES-1.pdf\">CATALOGUE_FOURNITURES_MEDICALES<\/a><a href=\"https:\/\/www.santor.ch\/wp-content\/uploads\/2026\/01\/CATALOGUE_FOURNITURES_MEDICALES-1.pdf\" class=\"wp-block-file__button wp-element-button\" download aria-describedby=\"wp-block-file--media-d4a1002d-a3ac-417a-b8bd-5659f84a4680\">T\u00e9l\u00e9charger<\/a><\/div>\n\n\n\n<p><\/p>\n\n\n\n<div data-wp-interactive=\"core\/file\" class=\"wp-block-file\"><object data-wp-bind--hidden=\"!state.hasPdfPreview\" hidden class=\"wp-block-file__embed\" data=\"https:\/\/www.santor.ch\/wp-content\/uploads\/2026\/01\/CATALOGUE_MOBILIER_MATERIEL_MEDICAL.pdf\" type=\"application\/pdf\" style=\"width:100%;height:600px\" aria-label=\"Contenu embarqu\u00e9 CATALOGUE_MOBILIER_MATERIEL_MEDICAL.\"><\/object><a id=\"wp-block-file--media-c4f8b28a-fd00-4964-8333-130af0b431c8\" href=\"https:\/\/www.santor.ch\/wp-content\/uploads\/2026\/01\/CATALOGUE_MOBILIER_MATERIEL_MEDICAL.pdf\">CATALOGUE_MOBILIER_MATERIEL_MEDICAL<\/a><a href=\"https:\/\/www.santor.ch\/wp-content\/uploads\/2026\/01\/CATALOGUE_MOBILIER_MATERIEL_MEDICAL.pdf\" class=\"wp-block-file__button wp-element-button\" download aria-describedby=\"wp-block-file--media-c4f8b28a-fd00-4964-8333-130af0b431c8\">T\u00e9l\u00e9charger<\/a><\/div>\n\n\n\n<p>N&rsquo;h\u00e9sitez pas \u00e0 nous contacter pour en savoir plus !<\/p>\n\n\n\n<p><\/p>\n","protected":false},"excerpt":{"rendered":"<p>Ces catalogues constituent un simple \u00e9chantillon de nos r\u00e9alisations. Chaque meuble est con\u00e7u sur mesure, selon vos besoins et vos envies ! Les mod\u00e8les pr\u00e9sent\u00e9s dans ces catalogues ne sont qu\u2019un aper\u00e7u de notre savoir-faire. Nous cr\u00e9ons vos meubles adapt\u00e9s, uniques et personnalis\u00e9s, pour r\u00e9pondre parfaitement \u00e0 vos attentes. Ces [&hellip;]<\/p>\n","protected":false},"author":1,"featured_media":112,"parent":0,"menu_order":0,"comment_status":"closed","ping_status":"closed","template":"","meta":{"_themeisle_gutenberg_block_has_review":false,"footnotes":""},"class_list":["post-103","page","type-page","status-publish","has-post-thumbnail","hentry"],"jetpack_sharing_enabled":true,"_links":{"self":[{"href":"https:\/\/www.santor.ch\/index.php\/wp-json\/wp\/v2\/pages\/103","targetHints":{"allow":["GET"]}}],"collection":[{"href":"https:\/\/www.santor.ch\/index.php\/wp-json\/wp\/v2\/pages"}],"about":[{"href":"https:\/\/www.santor.ch\/index.php\/wp-json\/wp\/v2\/types\/page"}],"author":[{"embeddable":true,"href":"https:\/\/www.santor.ch\/index.php\/wp-json\/wp\/v2\/users\/1"}],"replies":[{"embeddable":true,"href":"https:\/\/www.santor.ch\/index.php\/wp-json\/wp\/v2\/comments?post=103"}],"version-history":[{"count":11,"href":"https:\/\/www.santor.ch\/index.php\/wp-json\/wp\/v2\/pages\/103\/revisions"}],"predecessor-version":[{"id":173,"href":"https:\/\/www.santor.ch\/index.php\/wp-json\/wp\/v2\/pages\/103\/revisions\/173"}],"wp:featuredmedia":[{"embeddable":true,"href":"https:\/\/www.santor.ch\/index.php\/wp-json\/wp\/v2\/media\/112"}],"wp:attachment":[{"href":"https:\/\/www.santor.ch\/index.php\/wp-json\/wp\/v2\/media?parent=103"}],"curies":[{"name":"wp","href":"https:\/\/api.w.org\/{rel}","templated":true}]}}